{"id":383,"date":"2017-03-18T09:41:29","date_gmt":"2017-03-18T08:41:29","guid":{"rendered":"http:\/\/roehrig.seffers.com\/?page_id=383"},"modified":"2022-06-21T12:49:03","modified_gmt":"2022-06-21T10:49:03","slug":"ausstattungsdetails","status":"publish","type":"page","link":"https:\/\/www.purenordic-sylt.de\/?page_id=383","title":{"rendered":"Ausstattungsdetails"},"content":{"rendered":"<p>[et_pb_section fb_built=&#8220;1&#8243; admin_label=&#8220;section&#8220; _builder_version=&#8220;4.16&#8243; global_colors_info=&#8220;{}&#8220;][et_pb_row admin_label=&#8220;row&#8220; _builder_version=&#8220;4.16&#8243; background_size=&#8220;initial&#8220; background_position=&#8220;top_left&#8220; background_repeat=&#8220;repeat&#8220; global_colors_info=&#8220;{}&#8220;][et_pb_column type=&#8220;4_4&#8243; _builder_version=&#8220;4.16&#8243; custom_padding=&#8220;|||&#8220; global_colors_info=&#8220;{}&#8220; custom_padding__hover=&#8220;|||&#8220;][et_pb_text _builder_version=&#8220;4.16&#8243; background_size=&#8220;initial&#8220; background_position=&#8220;top_left&#8220; background_repeat=&#8220;repeat&#8220; use_border_color=&#8220;off&#8220; border_color=&#8220;#ffffff&#8220; border_style=&#8220;solid&#8220; global_colors_info=&#8220;{}&#8220;]<\/p>\n<h1>pure nordic bietet Ihnen<\/h1>\n<p>[\/et_pb_text][\/et_pb_column][\/et_pb_row][et_pb_row _builder_version=&#8220;4.16&#8243; background_size=&#8220;initial&#8220; background_position=&#8220;top_left&#8220; background_repeat=&#8220;repeat&#8220; global_colors_info=&#8220;{}&#8220; column_structure=&#8220;1_4,3_4&#8243;][et_pb_column type=&#8220;1_4&#8243; _builder_version=&#8220;4.16&#8243; custom_padding=&#8220;|||&#8220; global_colors_info=&#8220;{}&#8220; custom_padding__hover=&#8220;|||&#8220;][et_pb_image src=&#8220;\/wp-content\/uploads\/2017\/03\/IMG_2461.jpg&#8220; align_tablet=&#8220;center&#8220; align_last_edited=&#8220;on|desktop&#8220; _builder_version=&#8220;4.16&#8243; animation_style=&#8220;slide&#8220; animation_direction=&#8220;left&#8220; animation_duration=&#8220;500ms&#8220; animation_intensity_slide=&#8220;10%&#8220; use_border_color=&#8220;off&#8220; border_color=&#8220;#ffffff&#8220; border_style=&#8220;solid&#8220; animation=&#8220;left&#8220; sticky=&#8220;off&#8220; always_center_on_mobile=&#8220;on&#8220; global_colors_info=&#8220;{}&#8220; align_phone=&#8220;center&#8220;][\/et_pb_image][et_pb_image src=&#8220;\/wp-content\/uploads\/2017\/03\/IMG_2462.jpg&#8220; align_tablet=&#8220;center&#8220; align_last_edited=&#8220;on|desktop&#8220; _builder_version=&#8220;4.16&#8243; animation_style=&#8220;slide&#8220; animation_direction=&#8220;left&#8220; animation_duration=&#8220;500ms&#8220; animation_intensity_slide=&#8220;10%&#8220; use_border_color=&#8220;off&#8220; border_color=&#8220;#ffffff&#8220; border_style=&#8220;solid&#8220; animation=&#8220;left&#8220; sticky=&#8220;off&#8220; always_center_on_mobile=&#8220;on&#8220; global_colors_info=&#8220;{}&#8220; align_phone=&#8220;center&#8220;][\/et_pb_image][\/et_pb_column][et_pb_column type=&#8220;3_4&#8243; _builder_version=&#8220;4.16&#8243; custom_padding=&#8220;|||&#8220; global_colors_info=&#8220;{}&#8220; custom_padding__hover=&#8220;|||&#8220;][et_pb_toggle title=&#8220;Allgemein&#8220; closed_toggle_text_color=&#8220;#ffffff&#8220; closed_toggle_background_color=&#8220;#c2beb3&#8243; icon_color=&#8220;#7c7c7c&#8220; open_icon_color=&#8220;#7c7c7c&#8220; _builder_version=&#8220;4.16&#8243; title_font=&#8220;|on|||&#8220; background_size=&#8220;initial&#8220; background_position=&#8220;top_left&#8220; background_repeat=&#8220;repeat&#8220; use_border_color=&#8220;off&#8220; border_color=&#8220;#ffffff&#8220; border_style=&#8220;solid&#8220; global_colors_info=&#8220;{}&#8220;]<\/p>\n<ul>\n<li>Erdgeschosswohnung, ca. 40 qm<\/li>\n<li>offener Wohn-\/Schlafbereich<\/li>\n<li>offene K\u00fcche<\/li>\n<li>eigene Terrasse<\/li>\n<li>Nichtraucherwohnung, keine Haustiere<\/li>\n<\/ul>\n<p>[\/et_pb_toggle][et_pb_toggle title=&#8220;Wohnen\/Schlafen&#8220; closed_toggle_text_color=&#8220;#ffffff&#8220; closed_toggle_background_color=&#8220;#c2beb3&#8243; icon_color=&#8220;#7c7c7c&#8220; open_icon_color=&#8220;#7c7c7c&#8220; _builder_version=&#8220;4.16&#8243; title_font=&#8220;|on|||&#8220; background_size=&#8220;initial&#8220; background_position=&#8220;top_left&#8220; background_repeat=&#8220;repeat&#8220; use_border_color=&#8220;off&#8220; global_colors_info=&#8220;{}&#8220;]<\/p>\n<ul>\n<li>hochwertiges Boxspringbett von RUF<\/li>\n<li>Schlafsofa mit zus\u00e4tzl. Loungefunktion<\/li>\n<li>Babybett auf Anfrage<\/li>\n<li>Flatscreen<\/li>\n<\/ul>\n<p>[\/et_pb_toggle][et_pb_toggle title=&#8220;K\u00fcche&#8220; closed_toggle_text_color=&#8220;#ffffff&#8220; closed_toggle_background_color=&#8220;#c2beb3&#8243; icon_color=&#8220;#7c7c7c&#8220; open_icon_color=&#8220;#7c7c7c&#8220; _builder_version=&#8220;4.16&#8243; title_font=&#8220;|on|||&#8220; background_size=&#8220;initial&#8220; background_position=&#8220;top_left&#8220; background_repeat=&#8220;repeat&#8220; use_border_color=&#8220;off&#8220; global_colors_info=&#8220;{}&#8220;]<\/p>\n<ul>\n<li>Backofen<\/li>\n<li>Sp\u00fclmaschine<\/li>\n<li>Induktionskochfeld 4 Platten<\/li>\n<li>Grillplatte<\/li>\n<li>K\u00fchlschrank mit Gefrierfach<\/li>\n<li>Kaffeeautomat<\/li>\n<li>Nespressomaschine<\/li>\n<li>Nespresso Aeroccino Milchaufsch\u00e4umer\u00a0<\/li>\n<li>Toaster<\/li>\n<li>Wasserkocher<\/li>\n<\/ul>\n<p>[\/et_pb_toggle][et_pb_toggle title=&#8220;Bad&#8220; closed_toggle_text_color=&#8220;#ffffff&#8220; closed_toggle_background_color=&#8220;#c2beb3&#8243; icon_color=&#8220;#7c7c7c&#8220; open_icon_color=&#8220;#7c7c7c&#8220; _builder_version=&#8220;4.16&#8243; title_font=&#8220;|on|||&#8220; background_size=&#8220;initial&#8220; background_position=&#8220;top_left&#8220; background_repeat=&#8220;repeat&#8220; use_border_color=&#8220;off&#8220; global_colors_info=&#8220;{}&#8220;]<\/p>\n<ul>\n<li>Regendusche<\/li>\n<li>F\u00f6hn<\/li>\n<li>beheizter Handtuchhalter<\/li>\n<\/ul>\n<p>[\/et_pb_toggle][et_pb_toggle title=&#8220;Freiluft&#8220; closed_toggle_text_color=&#8220;#ffffff&#8220; closed_toggle_background_color=&#8220;#c2beb3&#8243; icon_color=&#8220;#7c7c7c&#8220; open_icon_color=&#8220;#7c7c7c&#8220; _builder_version=&#8220;4.16&#8243; title_font=&#8220;|on|||&#8220; background_size=&#8220;initial&#8220; background_position=&#8220;top_left&#8220; background_repeat=&#8220;repeat&#8220; use_border_color=&#8220;off&#8220; global_colors_info=&#8220;{}&#8220;]<\/p>\n<ul>\n<li>Terrasse<\/li>\n<li>Strandkorb mit Liegefunktion<\/li>\n<li>Gartenm\u00f6bel<\/li>\n<li>Markise<\/li>\n<\/ul>\n<p>[\/et_pb_toggle][et_pb_toggle title=&#8220;Extras&#8220; closed_toggle_text_color=&#8220;#ffffff&#8220; closed_toggle_background_color=&#8220;#c2beb3&#8243; icon_color=&#8220;#7c7c7c&#8220; open_icon_color=&#8220;#7c7c7c&#8220; _builder_version=&#8220;4.16&#8243; title_font=&#8220;|on|||&#8220; background_size=&#8220;initial&#8220; background_position=&#8220;top_left&#8220; background_repeat=&#8220;repeat&#8220; use_border_color=&#8220;off&#8220; global_colors_info=&#8220;{}&#8220;]<\/p>\n<ul>\n<li>B\u00fcgeleisen<\/li>\n<li>Staubsauger<\/li>\n<li>WLAN<\/li>\n<li>BOSE sound touch<\/li>\n<li>internetf\u00e4higer Flatscreen TV<\/li>\n<li>Einstellplatz auf dem Grundst\u00fcck<\/li>\n<\/ul>\n<p>[\/et_pb_toggle][\/et_pb_column][\/et_pb_row][et_pb_row _builder_version=&#8220;4.16&#8243; background_size=&#8220;initial&#8220; background_position=&#8220;top_left&#8220; background_repeat=&#8220;repeat&#8220; global_colors_info=&#8220;{}&#8220;][et_pb_column type=&#8220;4_4&#8243; _builder_version=&#8220;4.16&#8243; custom_padding=&#8220;|||&#8220; global_colors_info=&#8220;{}&#8220; custom_padding__hover=&#8220;|||&#8220;][et_pb_code _builder_version=&#8220;4.16&#8243; global_colors_info=&#8220;{}&#8220;]<a href=\"javascript:history.back();\"><strong>Zur\u00fcck<\/strong><\/a>[\/et_pb_code][\/et_pb_column][\/et_pb_row][\/et_pb_section]<\/p>\n","protected":false},"excerpt":{"rendered":"<p>pure nordic bietet Ihnen Erdgeschosswohnung, ca. 40 qm offener Wohn-\/Schlafbereich offene K\u00fcche eigene Terrasse Nichtraucherwohnung, keine Haustiere hochwertiges Boxspringbett von RUF Schlafsofa mit zus\u00e4tzl. Loungefunktion Babybett auf Anfrage Flatscreen Backofen Sp\u00fclmaschine Induktionskochfeld 4 Platten Grillplatte K\u00fchlschrank mit Gefrierfach Kaffeeautomat Nespressomaschine Nespresso Aeroccino Milchaufsch\u00e4umer\u00a0 Toaster Wasserkocher Regendusche F\u00f6hn beheizter Handtuchhalter Terrasse Strandkorb mit Liegefunktion Gartenm\u00f6bel Markise [&hellip;]<\/p>\n","protected":false},"author":1,"featured_media":0,"parent":0,"menu_order":2,"comment_status":"closed","ping_status":"closed","template":"","meta":{"_et_pb_use_builder":"on","_et_pb_old_content":"","_et_gb_content_width":"","footnotes":""},"_links":{"self":[{"href":"https:\/\/www.purenordic-sylt.de\/index.php?rest_route=\/wp\/v2\/pages\/383"}],"collection":[{"href":"https:\/\/www.purenordic-sylt.de\/index.php?rest_route=\/wp\/v2\/pages"}],"about":[{"href":"https:\/\/www.purenordic-sylt.de\/index.php?rest_route=\/wp\/v2\/types\/page"}],"author":[{"embeddable":true,"href":"https:\/\/www.purenordic-sylt.de\/index.php?rest_route=\/wp\/v2\/users\/1"}],"replies":[{"embeddable":true,"href":"https:\/\/www.purenordic-sylt.de\/index.php?rest_route=%2Fwp%2Fv2%2Fcomments&post=383"}],"version-history":[{"count":28,"href":"https:\/\/www.purenordic-sylt.de\/index.php?rest_route=\/wp\/v2\/pages\/383\/revisions"}],"predecessor-version":[{"id":892,"href":"https:\/\/www.purenordic-sylt.de\/index.php?rest_route=\/wp\/v2\/pages\/383\/revisions\/892"}],"wp:attachment":[{"href":"https:\/\/www.purenordic-sylt.de\/index.php?rest_route=%2Fwp%2Fv2%2Fmedia&parent=383"}],"curies":[{"name":"wp","href":"https:\/\/api.w.org\/{rel}","templated":true}]}}